{"id":8,"date":"2012-02-07T20:13:03","date_gmt":"2012-02-07T18:13:03","guid":{"rendered":"http:\/\/mediataito.fi\/teeitse\/ville\/?page_id=8"},"modified":"2026-04-29T09:12:01","modified_gmt":"2026-04-29T06:12:01","slug":"8-2","status":"publish","type":"page","link":"https:\/\/www.kokkolahieroja.fi\/","title":{"rendered":""},"content":{"rendered":"\n<p>Ajanvaraus: GSM: 044 086 5545 tai<\/p>\n<p><a href=\"https:\/\/timma.fi\/hyvanolonhoitolakansala\">https:\/\/timma.fi\/hyvanolonhoitolakansala<\/a><\/p>\n\n\n\n<p><\/p>\n\n\n\n<p><strong>ARVOISA ASIAKAS!<\/strong>\n<br>Tulethan vastaanotolle vain terveen\u00e4.<\/p>\n\n\n\n<h1 class=\"wp-block-heading\">Etsitk\u00f6 luotettavaa ja ammattitaitoista hierojaa.<\/h1>\n\n\n\n<p>Hyv\u00e4n olon hoitola K\u00e4ns\u00e4l\u00e4 on Kokkolan keskustassa toimiva hyvinvointialan yritys. Tarjoamme hierontapalvelua, Kalevalaista ja Kaustislaista j\u00e4senkorjausta, kuivakuppausta\/ imukuppihierontaa ja kinesioteippausta. Lis\u00e4ksi tuotemyyntin\u00e4 tarjolla on magneettikoruja sek\u00e4 qua-sha skrapoja ja hierontapalloja lihasten itsehoitoon.<\/p>\n\n\n\n<p>T\u00e4ll\u00e4 hetkell\u00e4 toimitiloissa ty\u00f6skentelee kuusi ty\u00f6ntekij\u00e4\u00e4 Noora Vornanen, Jenni Lundberg (os. K\u00e4ns\u00e4l\u00e4), Eija-Liisa Peltoniemi, Heidi Ahlqvist ja Mauri Kivinen sek\u00e4 uutena Laura Vesalainen, joka t\u00e4ll\u00e4 hetkell\u00e4 tekee hierontoja maanantaisin. Kerromme mielell\u00e4mme henkil\u00f6kohtaisia vinkkej\u00e4 kunnon yll\u00e4pit\u00e4miseen ja venyttelemiseen. Ota rohkeasti yhteytt\u00e4 ja kysy sinua askarruttavista asioista.<\/p>\n\n\n\n<pre class=\"wp-block-preformatted\"><\/pre>\n\n\n\n<pre class=\"wp-block-preformatted\"><\/pre>\n","protected":false},"excerpt":{"rendered":"<p>Ajanvaraus: GSM: 044 086 5545 tai https:\/\/timma.fi\/hyvanolonhoitolakansala ARVOISA ASIAKAS! Tulethan vastaanotolle vain terveen\u00e4. Etsitk\u00f6 luotettavaa ja ammattitaitoista hierojaa. Hyv\u00e4n olon hoitola K\u00e4ns\u00e4l\u00e4 on Kokkolan keskustassa toimiva hyvinvointialan yritys. Tarjoamme hierontapalvelua, Kalevalaista ja Kaustislaista j\u00e4senkorjausta, kuivakuppausta\/ imukuppihierontaa ja kinesioteippausta. Lis\u00e4ksi tuotemyyntin\u00e4 &hellip; <a href=\"https:\/\/www.kokkolahieroja.fi\/\">Lue loppuun <span class=\"meta-nav\">&rarr;<\/span><\/a><\/p>\n","protected":false},"author":1,"featured_media":0,"parent":0,"menu_order":0,"comment_status":"closed","ping_status":"closed","template":"","meta":{"footnotes":""},"_links":{"self":[{"href":"https:\/\/www.kokkolahieroja.fi\/index.php?rest_route=\/wp\/v2\/pages\/8"}],"collection":[{"href":"https:\/\/www.kokkolahieroja.fi\/index.php?rest_route=\/wp\/v2\/pages"}],"about":[{"href":"https:\/\/www.kokkolahieroja.fi\/index.php?rest_route=\/wp\/v2\/types\/page"}],"author":[{"embeddable":true,"href":"https:\/\/www.kokkolahieroja.fi\/index.php?rest_route=\/wp\/v2\/users\/1"}],"replies":[{"embeddable":true,"href":"https:\/\/www.kokkolahieroja.fi\/index.php?rest_route=%2Fwp%2Fv2%2Fcomments&post=8"}],"version-history":[{"count":74,"href":"https:\/\/www.kokkolahieroja.fi\/index.php?rest_route=\/wp\/v2\/pages\/8\/revisions"}],"predecessor-version":[{"id":613,"href":"https:\/\/www.kokkolahieroja.fi\/index.php?rest_route=\/wp\/v2\/pages\/8\/revisions\/613"}],"wp:attachment":[{"href":"https:\/\/www.kokkolahieroja.fi\/index.php?rest_route=%2Fwp%2Fv2%2Fmedia&parent=8"}],"curies":[{"name":"wp","href":"https:\/\/api.w.org\/{rel}","templated":true}]}}