{"id":391,"date":"2019-02-06T19:03:12","date_gmt":"2019-02-06T17:03:12","guid":{"rendered":"http:\/\/www.kokkolahieroja.fi\/?page_id=391"},"modified":"2022-08-30T11:56:34","modified_gmt":"2022-08-30T08:56:34","slug":"jasenkorjaus","status":"publish","type":"page","link":"https:\/\/www.kokkolahieroja.fi\/?page_id=391","title":{"rendered":"J\u00e4senkorjaus"},"content":{"rendered":"<p><b>KALEVALAINEN J\u00c4SENKORJAUS<\/b><\/p>\n<p><a href=\"http:\/\/www.kokkolahieroja.fi\/wp-content\/uploads\/2019\/09\/kalev.j.-1.jpg\"><img loading=\"lazy\" decoding=\"async\" class=\"alignleft wp-image-438\" src=\"http:\/\/www.kokkolahieroja.fi\/wp-content\/uploads\/2019\/09\/kalev.j.-1-200x300.jpg\" alt=\"\" width=\"167\" height=\"245\" \/><\/a><\/p>\n<p>Kalevalainen j\u00e4senkorjaus l\u00e4htee siit\u00e4 ett\u00e4 ihminen on kokonaisuus, jota tulee my\u00f6s hoitaa kokonaisuutena. Siin\u00e4 vapautetaan lihakset, sidekudokset, kudosnestekierto, verenkierto ja hermotoiminta luonnolliseen tilaan sek\u00e4 nivelpinnat kohdilleen. Hoidossa mobilisoidaan niveli\u00e4, parannetaan sidekudosten ja lihasten liikkkuvuutta venytt\u00e4m\u00e4ll\u00e4 niit\u00e4 asiakkaan omaehtoisia liikeratoja hy\u00f6dynt\u00e4en. Tukirakenteet ja nivelet saatetaan paikalleen hyv\u00e4ksi k\u00e4ytt\u00e4en asiakkaan vapaaehtoista liikerataa.<\/p>\n<p>&nbsp;<\/p>\n<p><a href=\"http:\/\/www.kokkolahieroja.fi\/wp-content\/uploads\/2019\/09\/kalev.j.-2.jpg\"><img loading=\"lazy\" decoding=\"async\" class=\"alignleft size-medium wp-image-440\" src=\"http:\/\/www.kokkolahieroja.fi\/wp-content\/uploads\/2019\/09\/kalev.j.-2-300x200.jpg\" alt=\"\" width=\"300\" height=\"200\" srcset=\"https:\/\/www.kokkolahieroja.fi\/wp-content\/uploads\/2019\/09\/kalev.j.-2-300x200.jpg 300w, https:\/\/www.kokkolahieroja.fi\/wp-content\/uploads\/2019\/09\/kalev.j.-2-768x512.jpg 768w, https:\/\/www.kokkolahieroja.fi\/wp-content\/uploads\/2019\/09\/kalev.j.-2-1024x682.jpg 1024w, https:\/\/www.kokkolahieroja.fi\/wp-content\/uploads\/2019\/09\/kalev.j.-2-450x300.jpg 450w, https:\/\/www.kokkolahieroja.fi\/wp-content\/uploads\/2019\/09\/kalev.j.-2.jpg 2000w\" sizes=\"(max-width: 300px) 100vw, 300px\" \/><\/a><\/p>\n<p>&nbsp;<\/p>\n<p>&nbsp;<\/p>\n<p>&nbsp;<\/p>\n<p>&nbsp;<\/p>\n<p>&nbsp;<\/p>\n<p>&nbsp;<\/p>\n<p>Hyvi\u00e4 hoitotuloksia on saatu esimerkiksi<\/p>\n<ul>\n<li>Jalkojen erimittaisuuteen<\/li>\n<li>Erilaisten virheasentojen korjaamiseen<\/li>\n<li>Lasten ja nuorten kasvukipujen hoitoon<\/li>\n<li>Levottomat jalat oireiden helpottamiseen<\/li>\n<li>Erilaiset kiputilat<\/li>\n<li>Skolioosin hoitoon<\/li>\n<\/ul>\n<p>&nbsp;<\/p>\n<p><strong>KAUSTISLAINEN J\u00c4SENKORJAUS<\/strong><\/p>\n<p>Kaustislainen j\u00e4senkorjaus on k\u00e4sin teht\u00e4v\u00e4 manuaalinen hoitomuoto. Siin\u00e4 hoidetaan tuki- ja liikuntaelinten kiputiloja ja virheasentoja. Mobilisoinnissa k\u00e4ytet\u00e4\u00e4n apuna vartalon omia liikeratoja.<\/p>\n<p>Tyypillisi\u00e4 vaivoja voivat olla muun muassa erilaiset nivelten kiputilat, alasel\u00e4n kipu, niska-hartiaseudun kivut tai k\u00e4siss\u00e4 olevat vaivat.<\/p>\n<p><a href=\"http:\/\/www.kokkolahieroja.fi\/wp-content\/uploads\/2019\/09\/kaust.j.1.jpg\"><img loading=\"lazy\" decoding=\"async\" class=\"alignleft size-medium wp-image-441\" src=\"http:\/\/www.kokkolahieroja.fi\/wp-content\/uploads\/2019\/09\/kaust.j.1-200x300.jpg\" alt=\"\" width=\"200\" height=\"300\" srcset=\"https:\/\/www.kokkolahieroja.fi\/wp-content\/uploads\/2019\/09\/kaust.j.1-200x300.jpg 200w, https:\/\/www.kokkolahieroja.fi\/wp-content\/uploads\/2019\/09\/kaust.j.1-768x1152.jpg 768w, https:\/\/www.kokkolahieroja.fi\/wp-content\/uploads\/2019\/09\/kaust.j.1-682x1024.jpg 682w, https:\/\/www.kokkolahieroja.fi\/wp-content\/uploads\/2019\/09\/kaust.j.1.jpg 1333w\" sizes=\"(max-width: 200px) 100vw, 200px\" \/><\/a><\/p>\n","protected":false},"excerpt":{"rendered":"<p>KALEVALAINEN J\u00c4SENKORJAUS Kalevalainen j\u00e4senkorjaus l\u00e4htee siit\u00e4 ett\u00e4 ihminen on kokonaisuus, jota tulee my\u00f6s hoitaa kokonaisuutena. Siin\u00e4 vapautetaan lihakset, sidekudokset, kudosnestekierto, verenkierto ja hermotoiminta luonnolliseen tilaan sek\u00e4 nivelpinnat kohdilleen. Hoidossa mobilisoidaan niveli\u00e4, parannetaan sidekudosten ja lihasten liikkkuvuutta venytt\u00e4m\u00e4ll\u00e4 niit\u00e4 asiakkaan omaehtoisia &hellip; <a href=\"https:\/\/www.kokkolahieroja.fi\/?page_id=391\">Lue loppuun <span class=\"meta-nav\">&rarr;<\/span><\/a><\/p>\n","protected":false},"author":1,"featured_media":0,"parent":26,"menu_order":5,"comment_status":"closed","ping_status":"closed","template":"","meta":{"footnotes":""},"_links":{"self":[{"href":"https:\/\/www.kokkolahieroja.fi\/index.php?rest_route=\/wp\/v2\/pages\/391"}],"collection":[{"href":"https:\/\/www.kokkolahieroja.fi\/index.php?rest_route=\/wp\/v2\/pages"}],"about":[{"href":"https:\/\/www.kokkolahieroja.fi\/index.php?rest_route=\/wp\/v2\/types\/page"}],"author":[{"embeddable":true,"href":"https:\/\/www.kokkolahieroja.fi\/index.php?rest_route=\/wp\/v2\/users\/1"}],"replies":[{"embeddable":true,"href":"https:\/\/www.kokkolahieroja.fi\/index.php?rest_route=%2Fwp%2Fv2%2Fcomments&post=391"}],"version-history":[{"count":10,"href":"https:\/\/www.kokkolahieroja.fi\/index.php?rest_route=\/wp\/v2\/pages\/391\/revisions"}],"predecessor-version":[{"id":492,"href":"https:\/\/www.kokkolahieroja.fi\/index.php?rest_route=\/wp\/v2\/pages\/391\/revisions\/492"}],"up":[{"embeddable":true,"href":"https:\/\/www.kokkolahieroja.fi\/index.php?rest_route=\/wp\/v2\/pages\/26"}],"wp:attachment":[{"href":"https:\/\/www.kokkolahieroja.fi\/index.php?rest_route=%2Fwp%2Fv2%2Fmedia&parent=391"}],"curies":[{"name":"wp","href":"https:\/\/api.w.org\/{rel}","templated":true}]}}