{"id":389,"date":"2019-02-06T19:02:08","date_gmt":"2019-02-06T17:02:08","guid":{"rendered":"http:\/\/www.kokkolahieroja.fi\/?page_id=389"},"modified":"2019-09-05T13:48:21","modified_gmt":"2019-09-05T10:48:21","slug":"kuivakuppaus-imukuppihieronta","status":"publish","type":"page","link":"https:\/\/www.kokkolahieroja.fi\/?page_id=389","title":{"rendered":"Kuivakuppaus\/ Imukuppihieronta"},"content":{"rendered":"<p><a href=\"http:\/\/www.kokkolahieroja.fi\/wp-content\/uploads\/2019\/09\/kuivak.-1.jpg\"><img loading=\"lazy\" decoding=\"async\" class=\"alignleft wp-image-427 size-medium\" src=\"http:\/\/www.kokkolahieroja.fi\/wp-content\/uploads\/2019\/09\/kuivak.-1-300x200.jpg\" alt=\"\" width=\"300\" height=\"200\" srcset=\"https:\/\/www.kokkolahieroja.fi\/wp-content\/uploads\/2019\/09\/kuivak.-1-300x200.jpg 300w, https:\/\/www.kokkolahieroja.fi\/wp-content\/uploads\/2019\/09\/kuivak.-1-768x512.jpg 768w, https:\/\/www.kokkolahieroja.fi\/wp-content\/uploads\/2019\/09\/kuivak.-1-1024x682.jpg 1024w, https:\/\/www.kokkolahieroja.fi\/wp-content\/uploads\/2019\/09\/kuivak.-1-450x300.jpg 450w, https:\/\/www.kokkolahieroja.fi\/wp-content\/uploads\/2019\/09\/kuivak.-1.jpg 2000w\" sizes=\"(max-width: 300px) 100vw, 300px\" \/><\/a><\/p>\n<p>&nbsp;<\/p>\n<p>&nbsp;<\/p>\n<p>&nbsp;<\/p>\n<p>&nbsp;<\/p>\n<p>&nbsp;<\/p>\n<p>Imukuppihieronnassa k\u00e4ytet\u00e4\u00e4n osittaista tyhji\u00f6t\u00e4 erikoismuotoilluilla kumikupeilla kehon eri pisteiss\u00e4 tai vy\u00f6hykkeiss\u00e4. Imukupeilla saadaan alipaine pehmytkudokseen kun kuppi asetetaan iholle, jolloin alla oleva pehmytkudos vet\u00e4ytyy kupin sis\u00e4\u00e4n. Kuppeja liu&#8217;utetaan rasvatulla iholla joko lihasten suuntaisesti tai py\u00f6ritt\u00e4vin liikkein. Kuppi voidaan my\u00f6s j\u00e4tt\u00e4\u00e4 paikalleen kipupisteen p\u00e4\u00e4lle. Alipaine, kipupisteiden \u00e4rsytt\u00e4minen ja liike toimivat vaikuttavina elementtein\u00e4.<\/p>\n<p><strong>Hoidon vaikutuksia:<\/strong><br \/>\n&#8211; Nestekierto tehostuu<br \/>\n&#8211; Turvotukset v\u00e4henev\u00e4t<br \/>\n&#8211; Aineenvaihdunta paranee, kuona-aineet poistuvat<br \/>\n&#8211; Pintaj\u00e4nnitys v\u00e4henee<br \/>\n&#8211; Lihasj\u00e4nnitykset laukeavat<br \/>\n&#8211; Sidekudos saa kimmoisuutta<br \/>\n&#8211; Selluliitti sili\u00e4\u00e4<br \/>\n&#8211; Suolentoiminto vilkastuu<br \/>\n&#8211; Rasitusvammat helpottavat<br \/>\n&#8211; Reuman oireet helpottuvat<br \/>\n&#8211; Astma ja vilustumisoireet helpottuvat<br \/>\n&#8211; Iskiaskivut ja lihaskivut helpottuvat<br \/>\n&#8211; Korkea verenpaine laskee<br \/>\n&#8211; P\u00e4\u00e4ns\u00e4rky hellitt\u00e4\u00e4<br \/>\n&#8211; Arpikudos pehmentyy<\/p>\n<p><a href=\"http:\/\/www.kokkolahieroja.fi\/wp-content\/uploads\/2019\/09\/kuivak.2.jpg\"><img loading=\"lazy\" decoding=\"async\" class=\"alignleft size-medium wp-image-431\" src=\"http:\/\/www.kokkolahieroja.fi\/wp-content\/uploads\/2019\/09\/kuivak.2-200x300.jpg\" alt=\"\" width=\"200\" height=\"300\" srcset=\"https:\/\/www.kokkolahieroja.fi\/wp-content\/uploads\/2019\/09\/kuivak.2-200x300.jpg 200w, https:\/\/www.kokkolahieroja.fi\/wp-content\/uploads\/2019\/09\/kuivak.2-768x1152.jpg 768w, https:\/\/www.kokkolahieroja.fi\/wp-content\/uploads\/2019\/09\/kuivak.2-682x1024.jpg 682w, https:\/\/www.kokkolahieroja.fi\/wp-content\/uploads\/2019\/09\/kuivak.2.jpg 1333w\" sizes=\"(max-width: 200px) 100vw, 200px\" \/><\/a><\/p>\n<p><strong>Hoidon esteet:<\/strong><br \/>\n&#8211; Kumiallergia (kumiset kupit eiv\u00e4t k\u00e4y)<br \/>\n&#8211; Vaikea syd\u00e4nsairaus<br \/>\n&#8211; Verenvuototauti, anemia, verenohennusl\u00e4\u00e4kkeet<br \/>\n&#8211; Raskaus<br \/>\n&#8211; Diabetes<br \/>\n&#8211; Sy\u00f6p\u00e4<br \/>\n&#8211; Akuutit vammat ja avohaavat<br \/>\n&#8211; Ohentunut iho tai heikko terveydentila<br \/>\n&#8211; Alle kolme vuotiaat lapset<br \/>\n&#8211; Eritt\u00e4in karvainen iho<\/p>\n","protected":false},"excerpt":{"rendered":"<p>&nbsp; &nbsp; &nbsp; &nbsp; &nbsp; Imukuppihieronnassa k\u00e4ytet\u00e4\u00e4n osittaista tyhji\u00f6t\u00e4 erikoismuotoilluilla kumikupeilla kehon eri pisteiss\u00e4 tai vy\u00f6hykkeiss\u00e4. Imukupeilla saadaan alipaine pehmytkudokseen kun kuppi asetetaan iholle, jolloin alla oleva pehmytkudos vet\u00e4ytyy kupin sis\u00e4\u00e4n. Kuppeja liu&#8217;utetaan rasvatulla iholla joko lihasten suuntaisesti tai py\u00f6ritt\u00e4vin &hellip; <a href=\"https:\/\/www.kokkolahieroja.fi\/?page_id=389\">Lue loppuun <span class=\"meta-nav\">&rarr;<\/span><\/a><\/p>\n","protected":false},"author":1,"featured_media":0,"parent":26,"menu_order":4,"comment_status":"closed","ping_status":"closed","template":"","meta":{"footnotes":""},"_links":{"self":[{"href":"https:\/\/www.kokkolahieroja.fi\/index.php?rest_route=\/wp\/v2\/pages\/389"}],"collection":[{"href":"https:\/\/www.kokkolahieroja.fi\/index.php?rest_route=\/wp\/v2\/pages"}],"about":[{"href":"https:\/\/www.kokkolahieroja.fi\/index.php?rest_route=\/wp\/v2\/types\/page"}],"author":[{"embeddable":true,"href":"https:\/\/www.kokkolahieroja.fi\/index.php?rest_route=\/wp\/v2\/users\/1"}],"replies":[{"embeddable":true,"href":"https:\/\/www.kokkolahieroja.fi\/index.php?rest_route=%2Fwp%2Fv2%2Fcomments&post=389"}],"version-history":[{"count":8,"href":"https:\/\/www.kokkolahieroja.fi\/index.php?rest_route=\/wp\/v2\/pages\/389\/revisions"}],"predecessor-version":[{"id":433,"href":"https:\/\/www.kokkolahieroja.fi\/index.php?rest_route=\/wp\/v2\/pages\/389\/revisions\/433"}],"up":[{"embeddable":true,"href":"https:\/\/www.kokkolahieroja.fi\/index.php?rest_route=\/wp\/v2\/pages\/26"}],"wp:attachment":[{"href":"https:\/\/www.kokkolahieroja.fi\/index.php?rest_route=%2Fwp%2Fv2%2Fmedia&parent=389"}],"curies":[{"name":"wp","href":"https:\/\/api.w.org\/{rel}","templated":true}]}}