{"id":26,"date":"2012-02-14T17:35:07","date_gmt":"2012-02-14T15:35:07","guid":{"rendered":"http:\/\/mediataito.fi\/teeitse\/ville\/?page_id=26"},"modified":"2026-04-29T09:27:37","modified_gmt":"2026-04-29T06:27:37","slug":"palvelut","status":"publish","type":"page","link":"https:\/\/www.kokkolahieroja.fi\/?page_id=26","title":{"rendered":"Palvelut"},"content":{"rendered":"<p>Yrityksemme Hyv\u00e4n olon hoitola K\u00e4ns\u00e4l\u00e4 tarjoaa:<\/p>\n<ul>\n<li><a title=\"hieronta\" href=\"http:\/\/www.kokkolahieroja.fi\/?page_id=13\">Hierontapalveluja<\/a><\/li>\n<li><a title=\"kalevalaista j\u00e4senkorjausta\" href=\"http:\/\/www.kokkolahieroja.fi\/?page_id=391\">Kalevalaista j\u00e4senkorjausta<\/a><\/li>\n<li><a title=\"kaustislaista j\u00e4senkorjausta\" href=\"http:\/\/www.kokkolahieroja.fi\/?page_id=391\">Kaustislaista j\u00e4senkorjausta<\/a><\/li>\n<li>Purentalihashierontaa<\/li>\n<li><a title=\"imukuppihierontaa\" href=\"http:\/\/www.kokkolahieroja.fi\/?page_id=389\">Imukuppihierontaa<\/a><\/li>\n<\/ul>\n","protected":false},"excerpt":{"rendered":"<p>Yrityksemme Hyv\u00e4n olon hoitola K\u00e4ns\u00e4l\u00e4 tarjoaa: Hierontapalveluja Kalevalaista j\u00e4senkorjausta Kaustislaista j\u00e4senkorjausta Purentalihashierontaa Imukuppihierontaa<\/p>\n","protected":false},"author":1,"featured_media":0,"parent":0,"menu_order":1,"comment_status":"closed","ping_status":"closed","template":"","meta":{"footnotes":""},"_links":{"self":[{"href":"https:\/\/www.kokkolahieroja.fi\/index.php?rest_route=\/wp\/v2\/pages\/26"}],"collection":[{"href":"https:\/\/www.kokkolahieroja.fi\/index.php?rest_route=\/wp\/v2\/pages"}],"about":[{"href":"https:\/\/www.kokkolahieroja.fi\/index.php?rest_route=\/wp\/v2\/types\/page"}],"author":[{"embeddable":true,"href":"https:\/\/www.kokkolahieroja.fi\/index.php?rest_route=\/wp\/v2\/users\/1"}],"replies":[{"embeddable":true,"href":"https:\/\/www.kokkolahieroja.fi\/index.php?rest_route=%2Fwp%2Fv2%2Fcomments&post=26"}],"version-history":[{"count":17,"href":"https:\/\/www.kokkolahieroja.fi\/index.php?rest_route=\/wp\/v2\/pages\/26\/revisions"}],"predecessor-version":[{"id":622,"href":"https:\/\/www.kokkolahieroja.fi\/index.php?rest_route=\/wp\/v2\/pages\/26\/revisions\/622"}],"wp:attachment":[{"href":"https:\/\/www.kokkolahieroja.fi\/index.php?rest_route=%2Fwp%2Fv2%2Fmedia&parent=26"}],"curies":[{"name":"wp","href":"https:\/\/api.w.org\/{rel}","templated":true}]}}